{"id":24810,"date":"2023-06-14T10:42:35","date_gmt":"2023-06-14T08:42:35","guid":{"rendered":"https:\/\/www.ita.es\/contact\/"},"modified":"2024-10-28T14:52:17","modified_gmt":"2024-10-28T13:52:17","slug":"contact","status":"publish","type":"page","link":"https:\/\/www.ita.es\/en\/contact\/","title":{"rendered":"Contact"},"content":{"rendered":"\n<div style=\"height:100px\" aria-hidden=\"true\" class=\"wp-block-spacer\"><\/div>\n\n\n\n\t<!-- block: formulario -->\n\t<section id=\"contacto\" class=\"block-formulario  contact-form hide contact-form\" data-block_id=\"block_914756f3f32c5438be9ac1bac7b94919\">\n\t\t<div class=\"row\">\n\t\t\t<div class=\"contact-inner\">\n\t\t\t\t<form id=\"ContactarForm\" method=\"POST\" enctype=\"multipart\/form-data\">\n\t\t\t\t\t<input type=\"hidden\" name=\"action\" value=\"enviar_contacte\">\n\t\t\t\t\t<input type=\"hidden\" name=\"contacte_title\" value=\"Contact\">\n\t\t\t\t\t<input type=\"hidden\" name=\"post_id\" value=\"24810\">\n\t\t\t\t\t<input type=\"hidden\" name=\"post_type\" value=\"page\">\n\n\t\t\t\t\t\n\n<h2 class=\"wp-block-heading\" id=\"h-contact-form\">Contact Form<\/h2>\n\n\n\n<p>Enter your details and we will contact you as soon as possible.<\/p>\n\n\n\n<div class=\"wp-block-columns is-layout-flex wp-container-core-columns-is-layout-1 wp-block-columns-is-layout-flex\">\n<div class=\"wp-block-column is-layout-flow wp-block-column-is-layout-flow\" style=\"flex-basis:45%\">\n\t<!-- block: formulario-campo -->\n\t<div  data-block_id=\"block_87406828e2b84b7dd3dc24473a2bff1b\" class=\"block-formulario-campo \">\n\t\t\t\t\t\t\t\t\t<label>Name<sup>*<\/sup><\/label>\n\t\t\t\t\t\n\t\t\t\t\t<input type=\"hidden\" name=\"campos[]\" value=\"{&quot;nombre&quot;:&quot;name&quot;,&quot;etiqueta&quot;:&quot;Name&quot;,&quot;placeholder&quot;:&quot;Name&quot;,&quot;tipo_de_campo&quot;:&quot;text&quot;,&quot;requerido&quot;:true,&quot;es_asunto&quot;:false}\">\n\t\t\n\t\t\t\t\t\t<input type=\"text\" name=\"name\" placeholder=\"Name\" required >\n\t\t\t\t<\/div>\n\t<!-- end block: formulario-campo -->\n\n\n\n\t<!-- block: formulario-campo -->\n\t<div  data-block_id=\"block_084a68e4ca605dcc934a2f859de2b290\" class=\"block-formulario-campo \">\n\t\t\t\t\t\t\t\t\t<label>E-mail address<sup>*<\/sup><\/label>\n\t\t\t\t\t\n\t\t\t\t\t<input type=\"hidden\" name=\"campos[]\" value=\"{&quot;nombre&quot;:&quot;email&quot;,&quot;etiqueta&quot;:&quot;E-mail address&quot;,&quot;placeholder&quot;:&quot;E-mail address&quot;,&quot;tipo_de_campo&quot;:&quot;email&quot;,&quot;requerido&quot;:true,&quot;es_asunto&quot;:true}\">\n\t\t\n\t\t\t\t\t\t<input type=\"email\" name=\"email\" placeholder=\"E-mail address\" required >\n\t\t\t\t<\/div>\n\t<!-- end block: formulario-campo -->\n\n\n\n\t<!-- block: formulario-campo -->\n\t<div  data-block_id=\"block_a4bc9a8b759ece9966e981351ad7591d\" class=\"block-formulario-campo \">\n\t\t\t\t\t\t\t\t\t<label>Mobile<sup><\/sup><\/label>\n\t\t\t\t\t\n\t\t\t\t\t<input type=\"hidden\" name=\"campos[]\" value=\"{&quot;nombre&quot;:&quot;mobile&quot;,&quot;etiqueta&quot;:&quot;Mobile&quot;,&quot;placeholder&quot;:&quot;Mobile&quot;,&quot;tipo_de_campo&quot;:&quot;text&quot;,&quot;requerido&quot;:false,&quot;es_asunto&quot;:false}\">\n\t\t\n\t\t\t\t\t\t<input type=\"text\" name=\"mobile\" placeholder=\"Mobile\"  >\n\t\t\t\t<\/div>\n\t<!-- end block: formulario-campo -->\n<\/div>\n\n\n\n<div class=\"wp-block-column is-layout-flow wp-block-column-is-layout-flow\" style=\"flex-basis:45%\">\n\t<!-- block: formulario-campo -->\n\t<div  data-block_id=\"block_a28c9b6b87269d10195417fc59b159b5\" class=\"block-formulario-campo \">\n\t\t\t\t\t\t\t\t\t<label>Company<sup>*<\/sup><\/label>\n\t\t\t\t\t\n\t\t\t\t\t<input type=\"hidden\" name=\"campos[]\" value=\"{&quot;nombre&quot;:&quot;company&quot;,&quot;etiqueta&quot;:&quot;Company&quot;,&quot;placeholder&quot;:&quot;Company&quot;,&quot;tipo_de_campo&quot;:&quot;text&quot;,&quot;requerido&quot;:true,&quot;es_asunto&quot;:false}\">\n\t\t\n\t\t\t\t\t\t<input type=\"text\" name=\"company\" placeholder=\"Company\" required >\n\t\t\t\t<\/div>\n\t<!-- end block: formulario-campo -->\n\n\n\n\t<!-- block: formulario-campo -->\n\t<div  data-block_id=\"block_88232dcb4087e4d53dfe3b90672954f8\" class=\"block-formulario-campo \">\n\t\t\t\t\t\t\t\t\t<label>Position\/Department<sup><\/sup><\/label>\n\t\t\t\t\t\n\t\t\t\t\t<input type=\"hidden\" name=\"campos[]\" value=\"{&quot;nombre&quot;:&quot;position-department&quot;,&quot;etiqueta&quot;:&quot;Position\\\/Department&quot;,&quot;placeholder&quot;:&quot;Position\\\/Department&quot;,&quot;tipo_de_campo&quot;:&quot;text&quot;,&quot;requerido&quot;:false,&quot;es_asunto&quot;:false}\">\n\t\t\n\t\t\t\t\t\t<input type=\"text\" name=\"position-department\" placeholder=\"Position\/Department\"  >\n\t\t\t\t<\/div>\n\t<!-- end block: formulario-campo -->\n\n\n\n\t<!-- block: formulario-campo -->\n\t<div  data-block_id=\"block_50076304238f414a03135862df2e0df8\" class=\"block-formulario-campo \">\n\t\t\t\t\t\t\t\t\t<label>Consultation<sup>*<\/sup><\/label>\n\t\t\t\t\t\n\t\t\t\t\t<input type=\"hidden\" name=\"campos[]\" value=\"{&quot;nombre&quot;:&quot;consult&quot;,&quot;etiqueta&quot;:&quot;Consultation&quot;,&quot;placeholder&quot;:&quot;How can we help you?&quot;,&quot;tipo_de_campo&quot;:&quot;textarea&quot;,&quot;requerido&quot;:true,&quot;es_asunto&quot;:false}\">\n\t\t\n\t\t\t\t\t\t<textarea rows=5 name=\"consult\" placeholder=\"How can we help you?\" required ><\/textarea>\n\t\t\t\t<\/div>\n\t<!-- end block: formulario-campo -->\n<\/div>\n<\/div>\n\n\n\n<div class=\"wp-block-columns is-layout-flex wp-container-core-columns-is-layout-2 wp-block-columns-is-layout-flex\">\n<div class=\"wp-block-column is-layout-flow wp-block-column-is-layout-flow\" style=\"flex-basis:100%\">\n\t<!-- block: formulario-campo -->\n\t<div  data-block_id=\"block_ad192b7bb8acf7bb0e039592bf9af9e3\" class=\"block-formulario-campo \">\n\t\t\n\t\t\t\t\t<input type=\"hidden\" name=\"campos[]\" value=\"{&quot;nombre&quot;:&quot;data-protection&quot;,&quot;etiqueta&quot;:&quot;&quot;,&quot;placeholder&quot;:null,&quot;tipo_de_campo&quot;:&quot;checkbox&quot;,&quot;requerido&quot;:true,&quot;es_asunto&quot;:false}\">\n\t\t\n\t\t\t\t\t\t\t\t\t\t\t\t\t\t\t\t\t\t\t\t\t\t<div class=\"check \">\n\t\t\t\t\t\t\t<input id=\"data-protection-0\" type=\"checkbox\" name=\"data-protection\" value=\"I agree and accept the data protection and privacy policy *.\" required>\n\t\t\t\t\t\t\t<label for=\"data-protection-0\"><span><span><\/span><\/span>\n\t\t\t\t\t\t\t\t<p>I agree and accept the data protection and <a href='https:\/\/www.ita.es\/en\/privacy-policy\/' target='_blank'>privacy policy<\/a> *.<\/p>\n\t\t\t\t\t\t\t<\/label>\n\t\t\t\t\t\t<\/div>\n\t\t\t\t\t\t\t\t\t\t\t\t\t\t\t\t\t\t<\/div>\n\t<!-- end block: formulario-campo -->\n\n\n\n\t<!-- block: formulario-campo -->\n\t<div  data-block_id=\"block_17edd258d71e73e1a4c49144f4d05a8b\" class=\"block-formulario-campo \">\n\t\t\n\t\t\t\t\t<input type=\"hidden\" name=\"campos[]\" value=\"{&quot;nombre&quot;:&quot;information-advertising&quot;,&quot;etiqueta&quot;:&quot;&quot;,&quot;placeholder&quot;:null,&quot;tipo_de_campo&quot;:&quot;checkbox&quot;,&quot;requerido&quot;:false,&quot;es_asunto&quot;:false}\">\n\t\t\n\t\t\t\t\t\t\t\t\t\t\t\t\t\t\t\t\t\t\t\t\t\t<div class=\"check \">\n\t\t\t\t\t\t\t<input id=\"information-advertising-0\" type=\"checkbox\" name=\"information-advertising\" value=\"I agree to receive information and publicity from ITA.\" >\n\t\t\t\t\t\t\t<label for=\"information-advertising-0\"><span><span><\/span><\/span>\n\t\t\t\t\t\t\t\t<p>I agree to receive information and publicity from ITA.<\/p>\n\t\t\t\t\t\t\t<\/label>\n\t\t\t\t\t\t<\/div>\n\t\t\t\t\t\t\t\t\t\t\t\t\t\t\t\t\t\t<\/div>\n\t<!-- end block: formulario-campo -->\n\n\n\n\t<!-- block: formulario-campo -->\n\t<div  data-block_id=\"block_9b4ba9f47a2317acd1f7176007cefa5f\" class=\"block-formulario-campo \">\n\t\t\t\t\t\t\t\t\t<h5>Would you like to receive any of our newsletters?<sup><\/h5>\n\t\t\t\t\t\n\t\t\t\t\t<input type=\"hidden\" name=\"campos[]\" value=\"{&quot;nombre&quot;:&quot;newsletters&quot;,&quot;etiqueta&quot;:&quot;Would you like to receive any of our newsletters?&quot;,&quot;placeholder&quot;:null,&quot;tipo_de_campo&quot;:&quot;checkbox&quot;,&quot;requerido&quot;:false,&quot;es_asunto&quot;:false}\">\n\t\t\n\t\t\t\t\t\t\t\t\t\t\t<div class=\"check-box\">\t\t\t\t\t\t\t\t\t\t\t<div class=\"check \">\n\t\t\t\t\t\t\t<input id=\"newsletters-0\" type=\"checkbox\" name=\"newsletters[]\" value=\"Laboratory Services\" >\n\t\t\t\t\t\t\t<label for=\"newsletters-0\"><span><span><\/span><\/span>\n\t\t\t\t\t\t\t\t<p>Laboratory Services<\/p>\n\t\t\t\t\t\t\t<\/label>\n\t\t\t\t\t\t<\/div>\n\t\t\t\t\t\t\t\t\t\t\t<div class=\"check \">\n\t\t\t\t\t\t\t<input id=\"newsletters-1\" type=\"checkbox\" name=\"newsletters[]\" value=\"Innovation\" >\n\t\t\t\t\t\t\t<label for=\"newsletters-1\"><span><span><\/span><\/span>\n\t\t\t\t\t\t\t\t<p>Innovation<\/p>\n\t\t\t\t\t\t\t<\/label>\n\t\t\t\t\t\t<\/div>\n\t\t\t\t\t\t\t\t\t\t\t<div class=\"check \">\n\t\t\t\t\t\t\t<input id=\"newsletters-2\" type=\"checkbox\" name=\"newsletters[]\" value=\"Training\" >\n\t\t\t\t\t\t\t<label for=\"newsletters-2\"><span><span><\/span><\/span>\n\t\t\t\t\t\t\t\t<p>Training<\/p>\n\t\t\t\t\t\t\t<\/label>\n\t\t\t\t\t\t<\/div>\n\t\t\t\t\t\t\t\t\t\t<\/div>\t\t\t\t\t\t\t\t<\/div>\n\t<!-- end block: formulario-campo -->\n\n\n\n    <!-- block: formulario-boton -->\n    <div  data-block_id=\"block_93887ab8890f87abc7f1d7167057c0cc\" class=\"block-formulario-boton  envir-btn\">\n        <input type=\"submit\" value=\"Send\">\n    <\/div>\n    <!-- block: formulario-boton -->\n<\/div>\n<\/div>\n\n\n\t\t\t\t\t\n\t\t\t\t\t<div class=\"form-response\"><\/div>\n\t\t\t\t\t<div class=\"loader\" style=\"display: none;\"><\/div>\n\t\t\t\t<\/form>\n\t\t\t<\/div>\n\t\t<\/div>\n\t<\/section>\n\t<!-- end block: formulario -->\n\n\n\n<div class=\"wp-block-group has-azul-claro-corporativo-background-color has-background\"><div class=\"wp-block-group__inner-container is-layout-constrained wp-block-group-is-layout-constrained\">\n<div class=\"wp-block-columns is-style-columns-margen-estrecho is-layout-flex wp-container-core-columns-is-layout-3 wp-block-columns-is-layout-flex\">\n<div class=\"wp-block-column is-layout-flow wp-block-column-is-layout-flow\" style=\"flex-basis:100%\">\n<h2 class=\"wp-block-heading\" id=\"h-contact-form-0\">Contact Form<\/h2>\n\n\n<div class=\"\"><div class='_form_346'><\/div><script type='text\/javascript' src='https:\/\/ita-tecnologia.activehosted.com\/f\/embed.php?static=0&id=346&69F5B5C0120C7&nostyles=0&preview=0'><\/script><\/div>\n\n\n<div style=\"height:40px\" aria-hidden=\"true\" class=\"wp-block-spacer\"><\/div>\n<\/div>\n<\/div>\n<\/div><\/div>\n","protected":false},"excerpt":{"rendered":"<p>Contact Form<\/p>\n","protected":false},"author":1,"featured_media":24824,"parent":0,"menu_order":0,"comment_status":"closed","ping_status":"closed","template":"page-templates\/contacto.php","meta":{"_acf_changed":false,"footnotes":""},"class_list":["post-24810","page","type-page","status-publish","has-post-thumbnail","hentry"],"acf":[],"yoast_head":"<!-- This site is optimized with the Yoast SEO Premium plugin v24.7 (Yoast SEO v24.7) - https:\/\/yoast.com\/wordpress\/plugins\/seo\/ -->\n<title>Contact - ITA (Instituto Tecnol\u00f3gico de Arag\u00f3n)<\/title>\n<meta name=\"description\" content=\"Contact ITA (Instituto Tecnol\u00f3gico de Arag\u00f3n): C\/ Mar\u00eda de Luna, n\u00ba 7-8, 50018, Zaragoza, +34 976 010 000, info@ita.es. Contact form.\" \/>\n<meta name=\"robots\" content=\"index, follow, max-snippet:-1, max-image-preview:large, max-video-preview:-1\" \/>\n<link rel=\"canonical\" href=\"https:\/\/www.ita.es\/en\/contact\/\" \/>\n<meta property=\"og:locale\" content=\"en_US\" \/>\n<meta property=\"og:type\" content=\"article\" \/>\n<meta property=\"og:title\" content=\"Contact\" \/>\n<meta property=\"og:description\" content=\"Contact ITA (Instituto Tecnol\u00f3gico de Arag\u00f3n): C\/ Mar\u00eda de Luna, n\u00ba 7-8, 50018, Zaragoza, +34 976 010 000, info@ita.es. Contact form.\" \/>\n<meta property=\"og:url\" content=\"https:\/\/www.ita.es\/en\/contact\/\" \/>\n<meta property=\"og:site_name\" content=\"ITA\" \/>\n<meta property=\"article:publisher\" content=\"https:\/\/es-es.facebook.com\/itainnova.ita\/\" \/>\n<meta property=\"article:modified_time\" content=\"2024-10-28T13:52:17+00:00\" \/>\n<meta property=\"og:image\" content=\"https:\/\/www.ita.es\/wp-content\/uploads\/2023\/09\/ITA-edificio-slider-04.webp\" \/>\n\t<meta property=\"og:image:width\" content=\"2200\" \/>\n\t<meta property=\"og:image:height\" content=\"810\" \/>\n\t<meta property=\"og:image:type\" content=\"image\/webp\" \/>\n<meta name=\"twitter:card\" content=\"summary_large_image\" \/>\n<meta name=\"twitter:site\" content=\"@itainnova\" \/>\n<meta name=\"twitter:label1\" content=\"Est. reading time\" \/>\n\t<meta name=\"twitter:data1\" content=\"1 minute\" \/>\n<script type=\"application\/ld+json\" class=\"yoast-schema-graph\">{\"@context\":\"https:\/\/schema.org\",\"@graph\":[{\"@type\":\"WebPage\",\"@id\":\"https:\/\/www.ita.es\/en\/contact\/\",\"url\":\"https:\/\/www.ita.es\/en\/contact\/\",\"name\":\"Contact - ITA (Instituto Tecnol\u00f3gico de Arag\u00f3n)\",\"isPartOf\":{\"@id\":\"https:\/\/www.ita.es\/en\/#website\"},\"primaryImageOfPage\":{\"@id\":\"https:\/\/www.ita.es\/en\/contact\/#primaryimage\"},\"image\":{\"@id\":\"https:\/\/www.ita.es\/en\/contact\/#primaryimage\"},\"thumbnailUrl\":\"https:\/\/www.ita.es\/wp-content\/uploads\/2023\/09\/ITA-edificio-slider-04.webp\",\"datePublished\":\"2023-06-14T08:42:35+00:00\",\"dateModified\":\"2024-10-28T13:52:17+00:00\",\"description\":\"Contact ITA (Instituto Tecnol\u00f3gico de Arag\u00f3n): C\/ Mar\u00eda de Luna, n\u00ba 7-8, 50018, Zaragoza, +34 976 010 000, info@ita.es. Contact form.\",\"breadcrumb\":{\"@id\":\"https:\/\/www.ita.es\/en\/contact\/#breadcrumb\"},\"inLanguage\":\"en-US\",\"potentialAction\":[{\"@type\":\"ReadAction\",\"target\":[\"https:\/\/www.ita.es\/en\/contact\/\"]}]},{\"@type\":\"ImageObject\",\"inLanguage\":\"en-US\",\"@id\":\"https:\/\/www.ita.es\/en\/contact\/#primaryimage\",\"url\":\"https:\/\/www.ita.es\/wp-content\/uploads\/2023\/09\/ITA-edificio-slider-04.webp\",\"contentUrl\":\"https:\/\/www.ita.es\/wp-content\/uploads\/2023\/09\/ITA-edificio-slider-04.webp\",\"width\":2200,\"height\":810},{\"@type\":\"BreadcrumbList\",\"@id\":\"https:\/\/www.ita.es\/en\/contact\/#breadcrumb\",\"itemListElement\":[{\"@type\":\"ListItem\",\"position\":1,\"name\":\"Portada\",\"item\":\"https:\/\/www.ita.es\/en\/\"},{\"@type\":\"ListItem\",\"position\":2,\"name\":\"Contact\"}]},{\"@type\":\"WebSite\",\"@id\":\"https:\/\/www.ita.es\/en\/#website\",\"url\":\"https:\/\/www.ita.es\/en\/\",\"name\":\"ITA\",\"description\":\"Instituto Tecnol\u00f3gico de Arag\u00f3n (ITA)\",\"publisher\":{\"@id\":\"https:\/\/www.ita.es\/en\/#organization\"},\"potentialAction\":[{\"@type\":\"SearchAction\",\"target\":{\"@type\":\"EntryPoint\",\"urlTemplate\":\"https:\/\/www.ita.es\/en\/?s={search_term_string}\"},\"query-input\":{\"@type\":\"PropertyValueSpecification\",\"valueRequired\":true,\"valueName\":\"search_term_string\"}}],\"inLanguage\":\"en-US\"},{\"@type\":\"Organization\",\"@id\":\"https:\/\/www.ita.es\/en\/#organization\",\"name\":\"Instituto Tecnol\u00f3gico de ARag\u00f3n\",\"url\":\"https:\/\/www.ita.es\/en\/\",\"logo\":{\"@type\":\"ImageObject\",\"inLanguage\":\"en-US\",\"@id\":\"https:\/\/www.ita.es\/en\/#\/schema\/logo\/image\/\",\"url\":\"https:\/\/www.ita.es\/wp-content\/uploads\/2023\/06\/header-logo.svg\",\"contentUrl\":\"https:\/\/www.ita.es\/wp-content\/uploads\/2023\/06\/header-logo.svg\",\"width\":1105,\"height\":225,\"caption\":\"Instituto Tecnol\u00f3gico de ARag\u00f3n\"},\"image\":{\"@id\":\"https:\/\/www.ita.es\/en\/#\/schema\/logo\/image\/\"},\"sameAs\":[\"https:\/\/es-es.facebook.com\/itainnova.ita\/\",\"https:\/\/x.com\/itainnova\"]}]}<\/script>\n<!-- \/ Yoast SEO Premium plugin. -->","yoast_head_json":{"title":"Contact - ITA (Instituto Tecnol\u00f3gico de Arag\u00f3n)","description":"Contact ITA (Instituto Tecnol\u00f3gico de Arag\u00f3n): C\/ Mar\u00eda de Luna, n\u00ba 7-8, 50018, Zaragoza, +34 976 010 000, info@ita.es. Contact form.","robots":{"index":"index","follow":"follow","max-snippet":"max-snippet:-1","max-image-preview":"max-image-preview:large","max-video-preview":"max-video-preview:-1"},"canonical":"https:\/\/www.ita.es\/en\/contact\/","og_locale":"en_US","og_type":"article","og_title":"Contact","og_description":"Contact ITA (Instituto Tecnol\u00f3gico de Arag\u00f3n): C\/ Mar\u00eda de Luna, n\u00ba 7-8, 50018, Zaragoza, +34 976 010 000, info@ita.es. Contact form.","og_url":"https:\/\/www.ita.es\/en\/contact\/","og_site_name":"ITA","article_publisher":"https:\/\/es-es.facebook.com\/itainnova.ita\/","article_modified_time":"2024-10-28T13:52:17+00:00","og_image":[{"width":2200,"height":810,"url":"https:\/\/www.ita.es\/wp-content\/uploads\/2023\/09\/ITA-edificio-slider-04.webp","type":"image\/webp"}],"twitter_card":"summary_large_image","twitter_site":"@itainnova","twitter_misc":{"Est. reading time":"1 minute"},"schema":{"@context":"https:\/\/schema.org","@graph":[{"@type":"WebPage","@id":"https:\/\/www.ita.es\/en\/contact\/","url":"https:\/\/www.ita.es\/en\/contact\/","name":"Contact - ITA (Instituto Tecnol\u00f3gico de Arag\u00f3n)","isPartOf":{"@id":"https:\/\/www.ita.es\/en\/#website"},"primaryImageOfPage":{"@id":"https:\/\/www.ita.es\/en\/contact\/#primaryimage"},"image":{"@id":"https:\/\/www.ita.es\/en\/contact\/#primaryimage"},"thumbnailUrl":"https:\/\/www.ita.es\/wp-content\/uploads\/2023\/09\/ITA-edificio-slider-04.webp","datePublished":"2023-06-14T08:42:35+00:00","dateModified":"2024-10-28T13:52:17+00:00","description":"Contact ITA (Instituto Tecnol\u00f3gico de Arag\u00f3n): C\/ Mar\u00eda de Luna, n\u00ba 7-8, 50018, Zaragoza, +34 976 010 000, info@ita.es. Contact form.","breadcrumb":{"@id":"https:\/\/www.ita.es\/en\/contact\/#breadcrumb"},"inLanguage":"en-US","potentialAction":[{"@type":"ReadAction","target":["https:\/\/www.ita.es\/en\/contact\/"]}]},{"@type":"ImageObject","inLanguage":"en-US","@id":"https:\/\/www.ita.es\/en\/contact\/#primaryimage","url":"https:\/\/www.ita.es\/wp-content\/uploads\/2023\/09\/ITA-edificio-slider-04.webp","contentUrl":"https:\/\/www.ita.es\/wp-content\/uploads\/2023\/09\/ITA-edificio-slider-04.webp","width":2200,"height":810},{"@type":"BreadcrumbList","@id":"https:\/\/www.ita.es\/en\/contact\/#breadcrumb","itemListElement":[{"@type":"ListItem","position":1,"name":"Portada","item":"https:\/\/www.ita.es\/en\/"},{"@type":"ListItem","position":2,"name":"Contact"}]},{"@type":"WebSite","@id":"https:\/\/www.ita.es\/en\/#website","url":"https:\/\/www.ita.es\/en\/","name":"ITA","description":"Instituto Tecnol\u00f3gico de Arag\u00f3n (ITA)","publisher":{"@id":"https:\/\/www.ita.es\/en\/#organization"},"potentialAction":[{"@type":"SearchAction","target":{"@type":"EntryPoint","urlTemplate":"https:\/\/www.ita.es\/en\/?s={search_term_string}"},"query-input":{"@type":"PropertyValueSpecification","valueRequired":true,"valueName":"search_term_string"}}],"inLanguage":"en-US"},{"@type":"Organization","@id":"https:\/\/www.ita.es\/en\/#organization","name":"Instituto Tecnol\u00f3gico de ARag\u00f3n","url":"https:\/\/www.ita.es\/en\/","logo":{"@type":"ImageObject","inLanguage":"en-US","@id":"https:\/\/www.ita.es\/en\/#\/schema\/logo\/image\/","url":"https:\/\/www.ita.es\/wp-content\/uploads\/2023\/06\/header-logo.svg","contentUrl":"https:\/\/www.ita.es\/wp-content\/uploads\/2023\/06\/header-logo.svg","width":1105,"height":225,"caption":"Instituto Tecnol\u00f3gico de ARag\u00f3n"},"image":{"@id":"https:\/\/www.ita.es\/en\/#\/schema\/logo\/image\/"},"sameAs":["https:\/\/es-es.facebook.com\/itainnova.ita\/","https:\/\/x.com\/itainnova"]}]}},"_links":{"self":[{"href":"https:\/\/www.ita.es\/en\/wp-json\/wp\/v2\/pages\/24810","targetHints":{"allow":["GET"]}}],"collection":[{"href":"https:\/\/www.ita.es\/en\/wp-json\/wp\/v2\/pages"}],"about":[{"href":"https:\/\/www.ita.es\/en\/wp-json\/wp\/v2\/types\/page"}],"author":[{"embeddable":true,"href":"https:\/\/www.ita.es\/en\/wp-json\/wp\/v2\/users\/1"}],"replies":[{"embeddable":true,"href":"https:\/\/www.ita.es\/en\/wp-json\/wp\/v2\/comments?post=24810"}],"version-history":[{"count":48,"href":"https:\/\/www.ita.es\/en\/wp-json\/wp\/v2\/pages\/24810\/revisions"}],"predecessor-version":[{"id":34478,"href":"https:\/\/www.ita.es\/en\/wp-json\/wp\/v2\/pages\/24810\/revisions\/34478"}],"wp:featuredmedia":[{"embeddable":true,"href":"https:\/\/www.ita.es\/en\/wp-json\/wp\/v2\/media\/24824"}],"wp:attachment":[{"href":"https:\/\/www.ita.es\/en\/wp-json\/wp\/v2\/media?parent=24810"}],"curies":[{"name":"wp","href":"https:\/\/api.w.org\/{rel}","templated":true}]}}