{"id":24694,"date":"2023-06-14T15:39:26","date_gmt":"2023-06-14T13:39:26","guid":{"rendered":"https:\/\/www.ita.es\/get-to-know-us\/"},"modified":"2025-03-12T10:26:36","modified_gmt":"2025-03-12T09:26:36","slug":"get-to-know-us","status":"publish","type":"page","link":"https:\/\/www.ita.es\/en\/ita\/get-to-know-us\/","title":{"rendered":"Get to know us"},"content":{"rendered":"\n<div class=\"wp-block-columns is-not-stacked-on-mobile is-style-columns-margen is-layout-flex wp-container-core-columns-is-layout-3 wp-block-columns-is-layout-flex\">\n<div class=\"wp-block-column is-layout-flow wp-block-column-is-layout-flow\">\n<h2 class=\"wp-block-heading\" id=\"h-quienes-somos\"><strong>Who we are<\/strong><\/h2>\n\n\n\n<p class=\"has-medium-font-size\">The <strong>Instituto Tecnol\u00f3gico de Arag\u00f3n<\/strong> (ITA), is a Technology Center with its own legal personality, non-profit and whose purposes are of general interest, legally constituted at the initiative of the <a href=\"http:\/\/www.aragon.es\/\" target=\"_blank\" rel=\"noreferrer noopener\">Government of Aragon<\/a> in 1984 and chaired by the <a href=\"https:\/\/aplicaciones.aragon.es\/organigrama-gobierno-aragon\/Organismo1Servlet?idEntidad=4864\" target=\"_blank\" rel=\"noreferrer noopener\">Department of Presidency, Economy and Justice<\/a> of the Government of Aragon, which also has the recognition of the Ministry of Science, Innovation and Universities as a Technology Transfer Office (No. 147).<\/p>\n\n\n\n<p class=\"is-style-paragrafo-destacado\">ITA&#8217;s mission is to promote research, innovation and technological development in companies and to promote the technological possibilities of this region, to develop new products and processes, with the purpose of boosting Aragon&#8217;s competitiveness.<\/p>\n\n\n\n<div style=\"height:20px\" aria-hidden=\"true\" class=\"wp-block-spacer\"><\/div>\n\n\n\n<h2 class=\"wp-block-heading\" id=\"h-en-que-creemos\"><strong>What we believe in<\/strong><\/h2>\n\n\n\n<p class=\"has-medium-font-size\">Innovation is nothing more than finding new ways to apply energy collaboratively to create improbable things that have an impact on society. Our formula is <a href=\"https:\/\/www.ita.es\/en\/ita\/ita-and-society\/\"><strong>#EnergyToImpact<\/strong><\/a>.<\/p>\n\n\n\n<div style=\"height:15px\" aria-hidden=\"true\" class=\"wp-block-spacer\"><\/div>\n\n\n\n<figure class=\"wp-block-image size-large is-style-imagen-100-porciento\"><img loading=\"lazy\" decoding=\"async\" width=\"1024\" height=\"331\" src=\"https:\/\/www.ita.es\/wp-content\/uploads\/2023\/09\/energy-to-impact-1024x331.webp\" alt=\"\" class=\"wp-image-19848\" srcset=\"https:\/\/www.ita.es\/wp-content\/uploads\/2023\/09\/energy-to-impact-1024x331.webp 1024w, https:\/\/www.ita.es\/wp-content\/uploads\/2023\/09\/energy-to-impact-300x97.webp 300w, https:\/\/www.ita.es\/wp-content\/uploads\/2023\/09\/energy-to-impact-150x48.webp 150w, https:\/\/www.ita.es\/wp-content\/uploads\/2023\/09\/energy-to-impact-768x248.webp 768w, https:\/\/www.ita.es\/wp-content\/uploads\/2023\/09\/energy-to-impact-1536x496.webp 1536w, https:\/\/www.ita.es\/wp-content\/uploads\/2023\/09\/energy-to-impact.webp 1539w\" sizes=\"auto, (max-width: 1024px) 100vw, 1024px\" \/><\/figure>\n\n\n\n<div style=\"height:15px\" aria-hidden=\"true\" class=\"wp-block-spacer\"><\/div>\n\n\n\n<p class=\"is-style-paragrafo-destacado\">We are a public technology center that learns to help companies transform themselves and, thanks to this change, generate a greater positive impact on society.<\/p>\n\n\n\n<div style=\"height:15px\" aria-hidden=\"true\" class=\"wp-block-spacer\"><\/div>\n\n\n\n<figure class=\"wp-block-image size-large is-style-imagen-100-porciento\"><img loading=\"lazy\" decoding=\"async\" width=\"1024\" height=\"619\" src=\"https:\/\/www.ita.es\/wp-content\/uploads\/2023\/09\/nuestra-filosofia-1-1024x619.webp\" alt=\"\" class=\"wp-image-19858\" srcset=\"https:\/\/www.ita.es\/wp-content\/uploads\/2023\/09\/nuestra-filosofia-1-1024x619.webp 1024w, https:\/\/www.ita.es\/wp-content\/uploads\/2023\/09\/nuestra-filosofia-1-300x181.webp 300w, https:\/\/www.ita.es\/wp-content\/uploads\/2023\/09\/nuestra-filosofia-1-150x91.webp 150w, https:\/\/www.ita.es\/wp-content\/uploads\/2023\/09\/nuestra-filosofia-1-768x464.webp 768w, https:\/\/www.ita.es\/wp-content\/uploads\/2023\/09\/nuestra-filosofia-1-1536x929.webp 1536w, https:\/\/www.ita.es\/wp-content\/uploads\/2023\/09\/nuestra-filosofia-1.webp 1561w\" sizes=\"auto, (max-width: 1024px) 100vw, 1024px\" \/><\/figure>\n\n\n\n<div style=\"height:15px\" aria-hidden=\"true\" class=\"wp-block-spacer\"><\/div>\n\n\n\n<p class=\"is-style-paragrafo-destacado\">Only you are capable of imagining the future of your company, but we will always be with you to make it a reality.<\/p>\n\n\n\n<div style=\"height:20px\" aria-hidden=\"true\" class=\"wp-block-spacer\"><\/div>\n\n\n\n<h2 class=\"wp-block-heading\" id=\"h-asi-trabajamos\"><strong>This is how we work<\/strong><\/h2>\n\n\n\n<div style=\"height:15px\" aria-hidden=\"true\" class=\"wp-block-spacer\"><\/div>\n\n\n\n<div class=\"wp-block-columns is-layout-flex wp-container-core-columns-is-layout-1 wp-block-columns-is-layout-flex\">\n<div class=\"wp-block-column is-layout-flow wp-block-column-is-layout-flow\">\n<figure class=\"wp-block-image size-full is-resized is-style-imagen-100-porciento\"><img loading=\"lazy\" decoding=\"async\" width=\"627\" height=\"617\" src=\"https:\/\/www.ita.es\/wp-content\/uploads\/2023\/09\/grafico-ita.webp\" alt=\"\" class=\"wp-image-19850\" style=\"width:376px;height:370px\" srcset=\"https:\/\/www.ita.es\/wp-content\/uploads\/2023\/09\/grafico-ita.webp 627w, https:\/\/www.ita.es\/wp-content\/uploads\/2023\/09\/grafico-ita-300x295.webp 300w, https:\/\/www.ita.es\/wp-content\/uploads\/2023\/09\/grafico-ita-150x148.webp 150w\" sizes=\"auto, (max-width: 627px) 100vw, 627px\" \/><\/figure>\n<\/div>\n\n\n\n<div class=\"wp-block-column is-layout-flow wp-block-column-is-layout-flow\">\n<p class=\"has-medium-font-size\"><strong>Our hallmarks are based on our vocation to accompany and link with our customers, which thanks to our team and technological excellence and sectorial knowledge and experience in different areas allows us to provide a value difference in the growth of companies through innovation and technological development.<\/strong><\/p>\n<\/div>\n\n\n\n<div class=\"wp-block-column is-layout-flow wp-block-column-is-layout-flow\">\n<p>We are convinced that the path of innovation is the key to differentiation and positioning of our customers and that is our daily goal. In turn, we work to facilitate innovation and to be a link between companies, administrations, entrepreneurs, professionals and society as a whole, promoting and leading the technological innovation ecosystem in the region.<\/p>\n<\/div>\n<\/div>\n\n\n\n<div style=\"height:15px\" aria-hidden=\"true\" class=\"wp-block-spacer\"><\/div>\n\n\n\n<h2 class=\"wp-block-heading\" id=\"h-nuestro-impacto\"><strong>Our impact<\/strong><\/h2>\n\n\n\n<div class=\"wp-block-columns is-layout-flex wp-container-core-columns-is-layout-2 wp-block-columns-is-layout-flex\">\n<div class=\"wp-block-column is-layout-flow wp-block-column-is-layout-flow\">\n<hr class=\"wp-block-separator has-alpha-channel-opacity\"\/>\n\n\n\n<div style=\"height:10px\" aria-hidden=\"true\" class=\"wp-block-spacer\"><\/div>\n\n\n\n<p class=\"has-medium-font-size\"><strong>Team<\/strong><\/p>\n\n\n\n<div style=\"height:10px\" aria-hidden=\"true\" class=\"wp-block-spacer\"><\/div>\n\n\n\n<p class=\"has-azul-corporativo-color has-text-color has-x-large-font-size\"><strong>300  <\/strong><\/p>\n\n\n\n<p class=\"has-azul-corporativo-color has-text-color has-small-font-size\">people<\/p>\n<\/div>\n\n\n\n<div class=\"wp-block-column is-layout-flow wp-block-column-is-layout-flow\">\n<hr class=\"wp-block-separator has-alpha-channel-opacity\"\/>\n\n\n\n<div style=\"height:10px\" aria-hidden=\"true\" class=\"wp-block-spacer\"><\/div>\n\n\n\n<p class=\"has-medium-font-size\"><strong>We work with<\/strong><\/p>\n\n\n\n<div style=\"height:10px\" aria-hidden=\"true\" class=\"wp-block-spacer\"><\/div>\n\n\n\n<p class=\"has-azul-corporativo-color has-text-color has-x-large-font-size\"><strong>1.000  <\/strong><\/p>\n\n\n\n<p class=\"has-azul-corporativo-color has-text-color has-small-font-size\">companies per year<\/p>\n\n\n\n<p><strong>75%<\/strong> of them are SMEs<\/p>\n\n\n\n<p><strong>70%<\/strong> of the companies are Aragonese<\/p>\n<\/div>\n\n\n\n<div class=\"wp-block-column is-layout-flow wp-block-column-is-layout-flow\">\n<hr class=\"wp-block-separator has-alpha-channel-opacity\"\/>\n\n\n\n<div style=\"height:10px\" aria-hidden=\"true\" class=\"wp-block-spacer\"><\/div>\n\n\n\n<p class=\"has-medium-font-size\"><strong>We address each year<\/strong><\/p>\n\n\n\n<div style=\"height:10px\" aria-hidden=\"true\" class=\"wp-block-spacer\"><\/div>\n\n\n\n<p class=\"has-azul-corporativo-color has-text-color has-x-large-font-size\"><strong>200<\/strong><\/p>\n\n\n\n<p class=\"has-azul-corporativo-color has-text-color has-small-font-size\">R&amp;D&amp;I projects<\/p>\n\n\n\n<div style=\"height:10px\" aria-hidden=\"true\" class=\"wp-block-spacer\"><\/div>\n\n\n\n<p class=\"has-azul-corporativo-color has-text-color has-x-large-font-size\"><strong>750<\/strong><\/p>\n\n\n\n<p class=\"has-azul-corporativo-color has-text-color has-small-font-size\">analysis and testing<\/p>\n<\/div>\n<\/div>\n\n\n\n<div class=\"wp-block-buttons is-layout-flex wp-block-buttons-is-layout-flex\">\n<div class=\"wp-block-button has-custom-font-size is-style-button-azul has-small-font-size\"><a class=\"wp-block-button__link wp-element-button\" href=\"https:\/\/www.ita.es\/en\/ita\/ita-and-society\/\">BUILDING IN SOCIETY<\/a><\/div>\n<\/div>\n\n\n\n<div style=\"height:20px\" aria-hidden=\"true\" class=\"wp-block-spacer\"><\/div>\n\n\n\n<h2 class=\"wp-block-heading\" id=\"h-visita-virtual-360&#xBA;\"><strong>360\u00ba virtual tour<\/strong><\/h2>\n\n\n\n<p class=\"has-medium-font-size\">We invite you to come and visit us in person at our <strong>Campus R\u00edo Ebro in Zaragoza<\/strong>. In the meantime, you can take a <strong>virtual<\/strong> tour of our facilities from your computer:<\/p>\n\n\n\n<figure class=\"wp-block-image size-large\"><a href=\"https:\/\/casualrobots.com\/Tour_Virtual\/\"><img loading=\"lazy\" decoding=\"async\" width=\"1024\" height=\"526\" src=\"https:\/\/www.ita.es\/wp-content\/uploads\/2024\/04\/ITA_Visita-Virtual-Instalaciones-1024x526.jpg\" alt=\"\" class=\"wp-image-29486\" srcset=\"https:\/\/www.ita.es\/wp-content\/uploads\/2024\/04\/ITA_Visita-Virtual-Instalaciones-1024x526.jpg 1024w, https:\/\/www.ita.es\/wp-content\/uploads\/2024\/04\/ITA_Visita-Virtual-Instalaciones-300x154.jpg 300w, https:\/\/www.ita.es\/wp-content\/uploads\/2024\/04\/ITA_Visita-Virtual-Instalaciones-150x77.jpg 150w, https:\/\/www.ita.es\/wp-content\/uploads\/2024\/04\/ITA_Visita-Virtual-Instalaciones-768x395.jpg 768w, https:\/\/www.ita.es\/wp-content\/uploads\/2024\/04\/ITA_Visita-Virtual-Instalaciones-1536x789.jpg 1536w, https:\/\/www.ita.es\/wp-content\/uploads\/2024\/04\/ITA_Visita-Virtual-Instalaciones-2048x1052.jpg 2048w\" sizes=\"auto, (max-width: 1024px) 100vw, 1024px\" \/><\/a><\/figure>\n\n\n\n<p><a href=\"https:\/\/casualrobots.com\/Tour_Virtual\/\">https:\/\/casualrobots.com\/Tour_Virtual\/<\/a><\/p>\n\n\n\n<div style=\"height:20px\" aria-hidden=\"true\" class=\"wp-block-spacer\"><\/div>\n\n\n\n<h2 class=\"wp-block-heading\" id=\"h-unete-a-nosotros\"><strong>Join us<\/strong><\/h2>\n\n\n\n<p class=\"has-medium-font-size\">Dare to be part of an innovative team eager to solve the challenges of the future of companies thanks to technology and creativity.<\/p>\n\n\n\n<p class=\"has-medium-font-size\">Dare to be part of an innovative team eager to solve the challenges of the future of companies thanks to technology and creativity.<\/p>\n\n\n\n<div class=\"wp-block-buttons is-layout-flex wp-block-buttons-is-layout-flex\">\n<div class=\"wp-block-button has-custom-font-size is-style-button-azul has-small-font-size\"><a class=\"wp-block-button__link wp-element-button\" href=\"https:\/\/www.ita.es\/en\/ita\/join-us\/\">JOIN<\/a><\/div>\n<\/div>\n\n\n\n<div style=\"height:40px\" aria-hidden=\"true\" class=\"wp-block-spacer\"><\/div>\n<\/div>\n<\/div>\n","protected":false},"excerpt":{"rendered":"<p>Technological innovation for impact #EnergyToImpact<\/p>\n","protected":false},"author":1,"featured_media":24703,"parent":24862,"menu_order":0,"comment_status":"closed","ping_status":"closed","template":"","meta":{"_acf_changed":false,"footnotes":""},"class_list":["post-24694","page","type-page","status-publish","has-post-thumbnail","hentry"],"acf":[],"yoast_head":"<!-- This site is optimized with the Yoast SEO Premium plugin v24.7 (Yoast SEO v24.7) - https:\/\/yoast.com\/wordpress\/plugins\/seo\/ -->\n<title>About us - ITA (Instituto Tecnol\u00f3gico de Arag\u00f3n)<\/title>\n<meta name=\"description\" content=\"Get to know the Instituto Tecnol\u00f3gico de Arag\u00f3n (ITA): what we believe in, our philosophy, how we work, team, companies we work with and projects.\" \/>\n<meta name=\"robots\" content=\"index, follow, max-snippet:-1, max-image-preview:large, max-video-preview:-1\" \/>\n<link rel=\"canonical\" href=\"https:\/\/www.ita.es\/en\/ita\/get-to-know-us\/\" \/>\n<meta property=\"og:locale\" content=\"en_US\" \/>\n<meta property=\"og:type\" content=\"article\" \/>\n<meta property=\"og:title\" content=\"Get to know us\" \/>\n<meta property=\"og:description\" content=\"Get to know the Instituto Tecnol\u00f3gico de Arag\u00f3n (ITA): what we believe in, our philosophy, how we work, team, companies we work with and projects.\" \/>\n<meta property=\"og:url\" content=\"https:\/\/www.ita.es\/en\/ita\/get-to-know-us\/\" \/>\n<meta property=\"og:site_name\" content=\"ITA\" \/>\n<meta property=\"article:publisher\" content=\"https:\/\/es-es.facebook.com\/itainnova.ita\/\" \/>\n<meta property=\"article:modified_time\" content=\"2025-03-12T09:26:36+00:00\" \/>\n<meta property=\"og:image\" content=\"https:\/\/www.ita.es\/wp-content\/uploads\/2023\/09\/conocenos-header.webp\" \/>\n\t<meta property=\"og:image:width\" content=\"2200\" \/>\n\t<meta property=\"og:image:height\" content=\"810\" \/>\n\t<meta property=\"og:image:type\" content=\"image\/webp\" \/>\n<meta name=\"twitter:card\" content=\"summary_large_image\" \/>\n<meta name=\"twitter:site\" content=\"@itainnova\" \/>\n<meta name=\"twitter:label1\" content=\"Est. reading time\" \/>\n\t<meta name=\"twitter:data1\" content=\"3 minutes\" \/>\n<script type=\"application\/ld+json\" class=\"yoast-schema-graph\">{\"@context\":\"https:\/\/schema.org\",\"@graph\":[{\"@type\":\"WebPage\",\"@id\":\"https:\/\/www.ita.es\/en\/ita\/get-to-know-us\/\",\"url\":\"https:\/\/www.ita.es\/en\/ita\/get-to-know-us\/\",\"name\":\"About us - ITA (Instituto Tecnol\u00f3gico de Arag\u00f3n)\",\"isPartOf\":{\"@id\":\"https:\/\/www.ita.es\/en\/#website\"},\"primaryImageOfPage\":{\"@id\":\"https:\/\/www.ita.es\/en\/ita\/get-to-know-us\/#primaryimage\"},\"image\":{\"@id\":\"https:\/\/www.ita.es\/en\/ita\/get-to-know-us\/#primaryimage\"},\"thumbnailUrl\":\"https:\/\/www.ita.es\/wp-content\/uploads\/2023\/09\/conocenos-header.webp\",\"datePublished\":\"2023-06-14T13:39:26+00:00\",\"dateModified\":\"2025-03-12T09:26:36+00:00\",\"description\":\"Get to know the Instituto Tecnol\u00f3gico de Arag\u00f3n (ITA): what we believe in, our philosophy, how we work, team, companies we work with and projects.\",\"breadcrumb\":{\"@id\":\"https:\/\/www.ita.es\/en\/ita\/get-to-know-us\/#breadcrumb\"},\"inLanguage\":\"en-US\",\"potentialAction\":[{\"@type\":\"ReadAction\",\"target\":[\"https:\/\/www.ita.es\/en\/ita\/get-to-know-us\/\"]}]},{\"@type\":\"ImageObject\",\"inLanguage\":\"en-US\",\"@id\":\"https:\/\/www.ita.es\/en\/ita\/get-to-know-us\/#primaryimage\",\"url\":\"https:\/\/www.ita.es\/wp-content\/uploads\/2023\/09\/conocenos-header.webp\",\"contentUrl\":\"https:\/\/www.ita.es\/wp-content\/uploads\/2023\/09\/conocenos-header.webp\",\"width\":2200,\"height\":810},{\"@type\":\"BreadcrumbList\",\"@id\":\"https:\/\/www.ita.es\/en\/ita\/get-to-know-us\/#breadcrumb\",\"itemListElement\":[{\"@type\":\"ListItem\",\"position\":1,\"name\":\"Portada\",\"item\":\"https:\/\/www.ita.es\/en\/\"},{\"@type\":\"ListItem\",\"position\":2,\"name\":\"+ITA\",\"item\":\"https:\/\/www.ita.es\/en\/ita\/\"},{\"@type\":\"ListItem\",\"position\":3,\"name\":\"Get to know us\"}]},{\"@type\":\"WebSite\",\"@id\":\"https:\/\/www.ita.es\/en\/#website\",\"url\":\"https:\/\/www.ita.es\/en\/\",\"name\":\"ITA\",\"description\":\"Instituto Tecnol\u00f3gico de Arag\u00f3n (ITA)\",\"publisher\":{\"@id\":\"https:\/\/www.ita.es\/en\/#organization\"},\"potentialAction\":[{\"@type\":\"SearchAction\",\"target\":{\"@type\":\"EntryPoint\",\"urlTemplate\":\"https:\/\/www.ita.es\/en\/?s={search_term_string}\"},\"query-input\":{\"@type\":\"PropertyValueSpecification\",\"valueRequired\":true,\"valueName\":\"search_term_string\"}}],\"inLanguage\":\"en-US\"},{\"@type\":\"Organization\",\"@id\":\"https:\/\/www.ita.es\/en\/#organization\",\"name\":\"Instituto Tecnol\u00f3gico de ARag\u00f3n\",\"url\":\"https:\/\/www.ita.es\/en\/\",\"logo\":{\"@type\":\"ImageObject\",\"inLanguage\":\"en-US\",\"@id\":\"https:\/\/www.ita.es\/en\/#\/schema\/logo\/image\/\",\"url\":\"https:\/\/www.ita.es\/wp-content\/uploads\/2023\/06\/header-logo.svg\",\"contentUrl\":\"https:\/\/www.ita.es\/wp-content\/uploads\/2023\/06\/header-logo.svg\",\"width\":1105,\"height\":225,\"caption\":\"Instituto Tecnol\u00f3gico de ARag\u00f3n\"},\"image\":{\"@id\":\"https:\/\/www.ita.es\/en\/#\/schema\/logo\/image\/\"},\"sameAs\":[\"https:\/\/es-es.facebook.com\/itainnova.ita\/\",\"https:\/\/x.com\/itainnova\"]}]}<\/script>\n<!-- \/ Yoast SEO Premium plugin. -->","yoast_head_json":{"title":"About us - ITA (Instituto Tecnol\u00f3gico de Arag\u00f3n)","description":"Get to know the Instituto Tecnol\u00f3gico de Arag\u00f3n (ITA): what we believe in, our philosophy, how we work, team, companies we work with and projects.","robots":{"index":"index","follow":"follow","max-snippet":"max-snippet:-1","max-image-preview":"max-image-preview:large","max-video-preview":"max-video-preview:-1"},"canonical":"https:\/\/www.ita.es\/en\/ita\/get-to-know-us\/","og_locale":"en_US","og_type":"article","og_title":"Get to know us","og_description":"Get to know the Instituto Tecnol\u00f3gico de Arag\u00f3n (ITA): what we believe in, our philosophy, how we work, team, companies we work with and projects.","og_url":"https:\/\/www.ita.es\/en\/ita\/get-to-know-us\/","og_site_name":"ITA","article_publisher":"https:\/\/es-es.facebook.com\/itainnova.ita\/","article_modified_time":"2025-03-12T09:26:36+00:00","og_image":[{"width":2200,"height":810,"url":"https:\/\/www.ita.es\/wp-content\/uploads\/2023\/09\/conocenos-header.webp","type":"image\/webp"}],"twitter_card":"summary_large_image","twitter_site":"@itainnova","twitter_misc":{"Est. reading time":"3 minutes"},"schema":{"@context":"https:\/\/schema.org","@graph":[{"@type":"WebPage","@id":"https:\/\/www.ita.es\/en\/ita\/get-to-know-us\/","url":"https:\/\/www.ita.es\/en\/ita\/get-to-know-us\/","name":"About us - ITA (Instituto Tecnol\u00f3gico de Arag\u00f3n)","isPartOf":{"@id":"https:\/\/www.ita.es\/en\/#website"},"primaryImageOfPage":{"@id":"https:\/\/www.ita.es\/en\/ita\/get-to-know-us\/#primaryimage"},"image":{"@id":"https:\/\/www.ita.es\/en\/ita\/get-to-know-us\/#primaryimage"},"thumbnailUrl":"https:\/\/www.ita.es\/wp-content\/uploads\/2023\/09\/conocenos-header.webp","datePublished":"2023-06-14T13:39:26+00:00","dateModified":"2025-03-12T09:26:36+00:00","description":"Get to know the Instituto Tecnol\u00f3gico de Arag\u00f3n (ITA): what we believe in, our philosophy, how we work, team, companies we work with and projects.","breadcrumb":{"@id":"https:\/\/www.ita.es\/en\/ita\/get-to-know-us\/#breadcrumb"},"inLanguage":"en-US","potentialAction":[{"@type":"ReadAction","target":["https:\/\/www.ita.es\/en\/ita\/get-to-know-us\/"]}]},{"@type":"ImageObject","inLanguage":"en-US","@id":"https:\/\/www.ita.es\/en\/ita\/get-to-know-us\/#primaryimage","url":"https:\/\/www.ita.es\/wp-content\/uploads\/2023\/09\/conocenos-header.webp","contentUrl":"https:\/\/www.ita.es\/wp-content\/uploads\/2023\/09\/conocenos-header.webp","width":2200,"height":810},{"@type":"BreadcrumbList","@id":"https:\/\/www.ita.es\/en\/ita\/get-to-know-us\/#breadcrumb","itemListElement":[{"@type":"ListItem","position":1,"name":"Portada","item":"https:\/\/www.ita.es\/en\/"},{"@type":"ListItem","position":2,"name":"+ITA","item":"https:\/\/www.ita.es\/en\/ita\/"},{"@type":"ListItem","position":3,"name":"Get to know us"}]},{"@type":"WebSite","@id":"https:\/\/www.ita.es\/en\/#website","url":"https:\/\/www.ita.es\/en\/","name":"ITA","description":"Instituto Tecnol\u00f3gico de Arag\u00f3n (ITA)","publisher":{"@id":"https:\/\/www.ita.es\/en\/#organization"},"potentialAction":[{"@type":"SearchAction","target":{"@type":"EntryPoint","urlTemplate":"https:\/\/www.ita.es\/en\/?s={search_term_string}"},"query-input":{"@type":"PropertyValueSpecification","valueRequired":true,"valueName":"search_term_string"}}],"inLanguage":"en-US"},{"@type":"Organization","@id":"https:\/\/www.ita.es\/en\/#organization","name":"Instituto Tecnol\u00f3gico de ARag\u00f3n","url":"https:\/\/www.ita.es\/en\/","logo":{"@type":"ImageObject","inLanguage":"en-US","@id":"https:\/\/www.ita.es\/en\/#\/schema\/logo\/image\/","url":"https:\/\/www.ita.es\/wp-content\/uploads\/2023\/06\/header-logo.svg","contentUrl":"https:\/\/www.ita.es\/wp-content\/uploads\/2023\/06\/header-logo.svg","width":1105,"height":225,"caption":"Instituto Tecnol\u00f3gico de ARag\u00f3n"},"image":{"@id":"https:\/\/www.ita.es\/en\/#\/schema\/logo\/image\/"},"sameAs":["https:\/\/es-es.facebook.com\/itainnova.ita\/","https:\/\/x.com\/itainnova"]}]}},"_links":{"self":[{"href":"https:\/\/www.ita.es\/en\/wp-json\/wp\/v2\/pages\/24694","targetHints":{"allow":["GET"]}}],"collection":[{"href":"https:\/\/www.ita.es\/en\/wp-json\/wp\/v2\/pages"}],"about":[{"href":"https:\/\/www.ita.es\/en\/wp-json\/wp\/v2\/types\/page"}],"author":[{"embeddable":true,"href":"https:\/\/www.ita.es\/en\/wp-json\/wp\/v2\/users\/1"}],"replies":[{"embeddable":true,"href":"https:\/\/www.ita.es\/en\/wp-json\/wp\/v2\/comments?post=24694"}],"version-history":[{"count":17,"href":"https:\/\/www.ita.es\/en\/wp-json\/wp\/v2\/pages\/24694\/revisions"}],"predecessor-version":[{"id":33198,"href":"https:\/\/www.ita.es\/en\/wp-json\/wp\/v2\/pages\/24694\/revisions\/33198"}],"up":[{"embeddable":true,"href":"https:\/\/www.ita.es\/en\/wp-json\/wp\/v2\/pages\/24862"}],"wp:featuredmedia":[{"embeddable":true,"href":"https:\/\/www.ita.es\/en\/wp-json\/wp\/v2\/media\/24703"}],"wp:attachment":[{"href":"https:\/\/www.ita.es\/en\/wp-json\/wp\/v2\/media?parent=24694"}],"curies":[{"name":"wp","href":"https:\/\/api.w.org\/{rel}","templated":true}]}}