{"id":24354,"date":"2023-08-28T15:25:45","date_gmt":"2023-08-28T13:25:45","guid":{"rendered":"https:\/\/www.ita.es\/comision-asesora-de-empresas\/"},"modified":"2025-03-12T10:51:32","modified_gmt":"2025-03-12T09:51:32","slug":"business-advisory-committee","status":"publish","type":"page","link":"https:\/\/www.ita.es\/en\/ita\/organization\/business-advisory-committee\/","title":{"rendered":"Business Advisory Committee"},"content":{"rendered":"\n<div class=\"wp-block-columns is-style-columns-margen is-layout-flex wp-container-core-columns-is-layout-1 wp-block-columns-is-layout-flex\">\n<div class=\"wp-block-column is-layout-flow wp-block-column-is-layout-flow\">\n<p class=\"has-medium-font-size\">The Business Advisory Committee where our activity is clearly framed and directed towards another of our frameworks, the market.<\/p>\n\n\n\n<ul class=\"is-style-lista-puntos-azules wp-block-list\">\n<li>President: The President of the Governing Council, or the member of the same delegated by him\/her.<\/li>\n\n\n\n<li>Vice-president: The Director of the Institute.<\/li>\n<\/ul>\n\n\n\n<div style=\"height:20px\" aria-hidden=\"true\" class=\"wp-block-spacer\"><\/div>\n\n\n\n<p class=\"has-medium-font-size\">Members:<\/p>\n\n\n\n<ul class=\"is-style-lista-puntos-azules wp-block-list\">\n<li>Torsten Treyde of ZF Group company<\/li>\n\n\n\n<li>Jos\u00e9 Vicente Hern\u00e1ndez L\u00e1zaro of the company CAF<\/li>\n\n\n\n<li>Miguel Angel Castillo Acero of the company AERNNOVA Engineering<\/li>\n\n\n\n<li>Miguel Angel Jim\u00e9nez Caballero of the company SAICA<\/li>\n\n\n\n<li>Jos\u00e9 Angel Conchello Moreno of the company MCPUARSA<\/li>\n\n\n\n<li>Carlos Oehling of the company FERSA BEARINGS<\/li>\n\n\n\n<li>David Gasc\u00f3n del Prim of ENARCO company<\/li>\n\n\n\n<li>Sergio L\u00f3pez Navarro of the company HIBERUS<\/li>\n\n\n\n<li>Fernando Carreras Lario of the company GRUPO CARRERAS<\/li>\n\n\n\n<li>Francisco Pineda i Munne of the company PIKOLIN<\/li>\n\n\n\n<li>Fernando Torres Aso of the company GRUPO TATOMA<\/li>\n\n\n\n<li>Eduardo Rojo Nevado of FINSA<\/li>\n\n\n\n<li>Roberto Garzo Aguarta of the company GRUPO GAYPU<\/li>\n\n\n\n<li>H\u00e9ctor Paz Espallargas of the company IMASCONO<\/li>\n\n\n\n<li>Pilar Fernandez de Alarc\u00f3n Azon of ITA<\/li>\n\n\n\n<li>Leticia Gracia Grijota of ITA<\/li>\n\n\n\n<li>Alfredo G\u00f3mez Espinosa of ITA<\/li>\n<\/ul>\n\n\n\n<div style=\"height:20px\" aria-hidden=\"true\" class=\"wp-block-spacer\"><\/div>\n\n\n\n<p class=\"has-medium-font-size\">Secretary of the Business Advisory Committee: The Secretary of the Governing Council.<\/p>\n\n\n\n<div style=\"height:80px\" aria-hidden=\"true\" class=\"wp-block-spacer\"><\/div>\n<\/div>\n<\/div>\n","protected":false},"excerpt":{"rendered":"<p>The Business Advisory Committee where our activity is clearly framed and directed towards another of our frameworks, the market. Members: Secretary of the Business Advisory Committee: The Secretary of the Governing Council.<\/p>\n","protected":false},"author":1,"featured_media":24343,"parent":24692,"menu_order":1,"comment_status":"closed","ping_status":"closed","template":"","meta":{"_acf_changed":false,"footnotes":""},"class_list":["post-24354","page","type-page","status-publish","has-post-thumbnail","hentry"],"acf":[],"yoast_head":"<!-- This site is optimized with the Yoast SEO Premium plugin v24.7 (Yoast SEO v24.7) - https:\/\/yoast.com\/wordpress\/plugins\/seo\/ -->\n<title>Business Advisory Committee - ITA<\/title>\n<meta name=\"robots\" content=\"index, follow, max-snippet:-1, max-image-preview:large, max-video-preview:-1\" \/>\n<link rel=\"canonical\" href=\"https:\/\/www.ita.es\/en\/ita\/organization\/business-advisory-committee\/\" \/>\n<meta property=\"og:locale\" content=\"en_US\" \/>\n<meta property=\"og:type\" content=\"article\" \/>\n<meta property=\"og:title\" content=\"Business Advisory Committee\" \/>\n<meta property=\"og:description\" content=\"The Business Advisory Committee where our activity is clearly framed and directed towards another of our frameworks, the market. Members: Secretary of the Business Advisory Committee: The Secretary of the Governing Council.\" \/>\n<meta property=\"og:url\" content=\"https:\/\/www.ita.es\/en\/ita\/organization\/business-advisory-committee\/\" \/>\n<meta property=\"og:site_name\" content=\"ITA\" \/>\n<meta property=\"article:publisher\" content=\"https:\/\/es-es.facebook.com\/itainnova.ita\/\" \/>\n<meta property=\"article:modified_time\" content=\"2025-03-12T09:51:32+00:00\" \/>\n<meta property=\"og:image\" content=\"https:\/\/www.ita.es\/wp-content\/uploads\/2023\/09\/consejo-rector-header.webp\" \/>\n\t<meta property=\"og:image:width\" content=\"2200\" \/>\n\t<meta property=\"og:image:height\" content=\"810\" \/>\n\t<meta property=\"og:image:type\" content=\"image\/webp\" \/>\n<meta name=\"twitter:card\" content=\"summary_large_image\" \/>\n<meta name=\"twitter:site\" content=\"@itainnova\" \/>\n<meta name=\"twitter:label1\" content=\"Est. reading time\" \/>\n\t<meta name=\"twitter:data1\" content=\"1 minute\" \/>\n<script type=\"application\/ld+json\" class=\"yoast-schema-graph\">{\"@context\":\"https:\/\/schema.org\",\"@graph\":[{\"@type\":\"WebPage\",\"@id\":\"https:\/\/www.ita.es\/en\/ita\/organization\/business-advisory-committee\/\",\"url\":\"https:\/\/www.ita.es\/en\/ita\/organization\/business-advisory-committee\/\",\"name\":\"Business Advisory Committee - ITA\",\"isPartOf\":{\"@id\":\"https:\/\/www.ita.es\/en\/#website\"},\"primaryImageOfPage\":{\"@id\":\"https:\/\/www.ita.es\/en\/ita\/organization\/business-advisory-committee\/#primaryimage\"},\"image\":{\"@id\":\"https:\/\/www.ita.es\/en\/ita\/organization\/business-advisory-committee\/#primaryimage\"},\"thumbnailUrl\":\"https:\/\/www.ita.es\/wp-content\/uploads\/2023\/09\/consejo-rector-header.webp\",\"datePublished\":\"2023-08-28T13:25:45+00:00\",\"dateModified\":\"2025-03-12T09:51:32+00:00\",\"breadcrumb\":{\"@id\":\"https:\/\/www.ita.es\/en\/ita\/organization\/business-advisory-committee\/#breadcrumb\"},\"inLanguage\":\"en-US\",\"potentialAction\":[{\"@type\":\"ReadAction\",\"target\":[\"https:\/\/www.ita.es\/en\/ita\/organization\/business-advisory-committee\/\"]}]},{\"@type\":\"ImageObject\",\"inLanguage\":\"en-US\",\"@id\":\"https:\/\/www.ita.es\/en\/ita\/organization\/business-advisory-committee\/#primaryimage\",\"url\":\"https:\/\/www.ita.es\/wp-content\/uploads\/2023\/09\/consejo-rector-header.webp\",\"contentUrl\":\"https:\/\/www.ita.es\/wp-content\/uploads\/2023\/09\/consejo-rector-header.webp\",\"width\":2200,\"height\":810},{\"@type\":\"BreadcrumbList\",\"@id\":\"https:\/\/www.ita.es\/en\/ita\/organization\/business-advisory-committee\/#breadcrumb\",\"itemListElement\":[{\"@type\":\"ListItem\",\"position\":1,\"name\":\"Portada\",\"item\":\"https:\/\/www.ita.es\/en\/\"},{\"@type\":\"ListItem\",\"position\":2,\"name\":\"+ITA\",\"item\":\"https:\/\/www.ita.es\/en\/ita\/\"},{\"@type\":\"ListItem\",\"position\":3,\"name\":\"Organization\",\"item\":\"https:\/\/www.ita.es\/en\/ita\/organization\/\"},{\"@type\":\"ListItem\",\"position\":4,\"name\":\"Business Advisory Committee\"}]},{\"@type\":\"WebSite\",\"@id\":\"https:\/\/www.ita.es\/en\/#website\",\"url\":\"https:\/\/www.ita.es\/en\/\",\"name\":\"ITA\",\"description\":\"Instituto Tecnol\u00f3gico de Arag\u00f3n (ITA)\",\"publisher\":{\"@id\":\"https:\/\/www.ita.es\/en\/#organization\"},\"potentialAction\":[{\"@type\":\"SearchAction\",\"target\":{\"@type\":\"EntryPoint\",\"urlTemplate\":\"https:\/\/www.ita.es\/en\/?s={search_term_string}\"},\"query-input\":{\"@type\":\"PropertyValueSpecification\",\"valueRequired\":true,\"valueName\":\"search_term_string\"}}],\"inLanguage\":\"en-US\"},{\"@type\":\"Organization\",\"@id\":\"https:\/\/www.ita.es\/en\/#organization\",\"name\":\"Instituto Tecnol\u00f3gico de ARag\u00f3n\",\"url\":\"https:\/\/www.ita.es\/en\/\",\"logo\":{\"@type\":\"ImageObject\",\"inLanguage\":\"en-US\",\"@id\":\"https:\/\/www.ita.es\/en\/#\/schema\/logo\/image\/\",\"url\":\"https:\/\/www.ita.es\/wp-content\/uploads\/2023\/06\/header-logo.svg\",\"contentUrl\":\"https:\/\/www.ita.es\/wp-content\/uploads\/2023\/06\/header-logo.svg\",\"width\":1105,\"height\":225,\"caption\":\"Instituto Tecnol\u00f3gico de ARag\u00f3n\"},\"image\":{\"@id\":\"https:\/\/www.ita.es\/en\/#\/schema\/logo\/image\/\"},\"sameAs\":[\"https:\/\/es-es.facebook.com\/itainnova.ita\/\",\"https:\/\/x.com\/itainnova\"]}]}<\/script>\n<!-- \/ Yoast SEO Premium plugin. -->","yoast_head_json":{"title":"Business Advisory Committee - ITA","robots":{"index":"index","follow":"follow","max-snippet":"max-snippet:-1","max-image-preview":"max-image-preview:large","max-video-preview":"max-video-preview:-1"},"canonical":"https:\/\/www.ita.es\/en\/ita\/organization\/business-advisory-committee\/","og_locale":"en_US","og_type":"article","og_title":"Business Advisory Committee","og_description":"The Business Advisory Committee where our activity is clearly framed and directed towards another of our frameworks, the market. Members: Secretary of the Business Advisory Committee: The Secretary of the Governing Council.","og_url":"https:\/\/www.ita.es\/en\/ita\/organization\/business-advisory-committee\/","og_site_name":"ITA","article_publisher":"https:\/\/es-es.facebook.com\/itainnova.ita\/","article_modified_time":"2025-03-12T09:51:32+00:00","og_image":[{"width":2200,"height":810,"url":"https:\/\/www.ita.es\/wp-content\/uploads\/2023\/09\/consejo-rector-header.webp","type":"image\/webp"}],"twitter_card":"summary_large_image","twitter_site":"@itainnova","twitter_misc":{"Est. reading time":"1 minute"},"schema":{"@context":"https:\/\/schema.org","@graph":[{"@type":"WebPage","@id":"https:\/\/www.ita.es\/en\/ita\/organization\/business-advisory-committee\/","url":"https:\/\/www.ita.es\/en\/ita\/organization\/business-advisory-committee\/","name":"Business Advisory Committee - ITA","isPartOf":{"@id":"https:\/\/www.ita.es\/en\/#website"},"primaryImageOfPage":{"@id":"https:\/\/www.ita.es\/en\/ita\/organization\/business-advisory-committee\/#primaryimage"},"image":{"@id":"https:\/\/www.ita.es\/en\/ita\/organization\/business-advisory-committee\/#primaryimage"},"thumbnailUrl":"https:\/\/www.ita.es\/wp-content\/uploads\/2023\/09\/consejo-rector-header.webp","datePublished":"2023-08-28T13:25:45+00:00","dateModified":"2025-03-12T09:51:32+00:00","breadcrumb":{"@id":"https:\/\/www.ita.es\/en\/ita\/organization\/business-advisory-committee\/#breadcrumb"},"inLanguage":"en-US","potentialAction":[{"@type":"ReadAction","target":["https:\/\/www.ita.es\/en\/ita\/organization\/business-advisory-committee\/"]}]},{"@type":"ImageObject","inLanguage":"en-US","@id":"https:\/\/www.ita.es\/en\/ita\/organization\/business-advisory-committee\/#primaryimage","url":"https:\/\/www.ita.es\/wp-content\/uploads\/2023\/09\/consejo-rector-header.webp","contentUrl":"https:\/\/www.ita.es\/wp-content\/uploads\/2023\/09\/consejo-rector-header.webp","width":2200,"height":810},{"@type":"BreadcrumbList","@id":"https:\/\/www.ita.es\/en\/ita\/organization\/business-advisory-committee\/#breadcrumb","itemListElement":[{"@type":"ListItem","position":1,"name":"Portada","item":"https:\/\/www.ita.es\/en\/"},{"@type":"ListItem","position":2,"name":"+ITA","item":"https:\/\/www.ita.es\/en\/ita\/"},{"@type":"ListItem","position":3,"name":"Organization","item":"https:\/\/www.ita.es\/en\/ita\/organization\/"},{"@type":"ListItem","position":4,"name":"Business Advisory Committee"}]},{"@type":"WebSite","@id":"https:\/\/www.ita.es\/en\/#website","url":"https:\/\/www.ita.es\/en\/","name":"ITA","description":"Instituto Tecnol\u00f3gico de Arag\u00f3n (ITA)","publisher":{"@id":"https:\/\/www.ita.es\/en\/#organization"},"potentialAction":[{"@type":"SearchAction","target":{"@type":"EntryPoint","urlTemplate":"https:\/\/www.ita.es\/en\/?s={search_term_string}"},"query-input":{"@type":"PropertyValueSpecification","valueRequired":true,"valueName":"search_term_string"}}],"inLanguage":"en-US"},{"@type":"Organization","@id":"https:\/\/www.ita.es\/en\/#organization","name":"Instituto Tecnol\u00f3gico de ARag\u00f3n","url":"https:\/\/www.ita.es\/en\/","logo":{"@type":"ImageObject","inLanguage":"en-US","@id":"https:\/\/www.ita.es\/en\/#\/schema\/logo\/image\/","url":"https:\/\/www.ita.es\/wp-content\/uploads\/2023\/06\/header-logo.svg","contentUrl":"https:\/\/www.ita.es\/wp-content\/uploads\/2023\/06\/header-logo.svg","width":1105,"height":225,"caption":"Instituto Tecnol\u00f3gico de ARag\u00f3n"},"image":{"@id":"https:\/\/www.ita.es\/en\/#\/schema\/logo\/image\/"},"sameAs":["https:\/\/es-es.facebook.com\/itainnova.ita\/","https:\/\/x.com\/itainnova"]}]}},"_links":{"self":[{"href":"https:\/\/www.ita.es\/en\/wp-json\/wp\/v2\/pages\/24354","targetHints":{"allow":["GET"]}}],"collection":[{"href":"https:\/\/www.ita.es\/en\/wp-json\/wp\/v2\/pages"}],"about":[{"href":"https:\/\/www.ita.es\/en\/wp-json\/wp\/v2\/types\/page"}],"author":[{"embeddable":true,"href":"https:\/\/www.ita.es\/en\/wp-json\/wp\/v2\/users\/1"}],"replies":[{"embeddable":true,"href":"https:\/\/www.ita.es\/en\/wp-json\/wp\/v2\/comments?post=24354"}],"version-history":[{"count":2,"href":"https:\/\/www.ita.es\/en\/wp-json\/wp\/v2\/pages\/24354\/revisions"}],"predecessor-version":[{"id":24408,"href":"https:\/\/www.ita.es\/en\/wp-json\/wp\/v2\/pages\/24354\/revisions\/24408"}],"up":[{"embeddable":true,"href":"https:\/\/www.ita.es\/en\/wp-json\/wp\/v2\/pages\/24692"}],"wp:featuredmedia":[{"embeddable":true,"href":"https:\/\/www.ita.es\/en\/wp-json\/wp\/v2\/media\/24343"}],"wp:attachment":[{"href":"https:\/\/www.ita.es\/en\/wp-json\/wp\/v2\/media?parent=24354"}],"curies":[{"name":"wp","href":"https:\/\/api.w.org\/{rel}","templated":true}]}}